{"id":2529,"date":"2023-09-27T15:29:50","date_gmt":"2023-09-27T13:29:50","guid":{"rendered":"https:\/\/maxonsweden.se\/om-foretaget\/"},"modified":"2025-05-07T11:59:33","modified_gmt":"2025-05-07T09:59:33","slug":"om-foretaget","status":"publish","type":"page","link":"https:\/\/maxonsweden.se\/de\/om-foretaget\/","title":{"rendered":"\u00dcber uns"},"content":{"rendered":"<div class=\"wpb-content-wrapper\"><p>[vc_row][vc_column][vc_column_text][\/vc_column_text][\/vc_column][\/vc_row][vc_row][vc_column][vc_single_image image=&#8220;1890&#8243; img_size=&#8220;full&#8220;][\/vc_column][\/vc_row][vc_row][vc_column][vc_column_text]<\/p>\n<h2 style=\"text-align: center;\">MAXON SWEDEN AB<\/h2>\n<p>[\/vc_column_text][vc_column_text]<\/p>\n<p style=\"text-align: left;\">Das Unternehmen wurde 2006 gegru\u0308ndet und ist auf Industriebedarfsprodukte und Bodenentleerungsbeh\u00e4lter sowie auf die Herstellung von Verpackungsmaterialien aus Holz spezialisiert. Ein Gesch\u00e4ftszweig besch\u00e4ftigt sich au\u00dferdem mit dem Schwerpunkt Marketing und Entwicklung im Motorsport. Im Rahmen seiner Produktionst\u00e4tigkeit bietet das Unternehmen eine Reihe verschiedener Produkte an, darunter Verpackungsmaterialien aus Holz, Kunststoff und Papier \u2013 sowohl in Standardgr\u00f6\u00dfen als auch kundenspezifischen Ma\u00dfen. In enger Kooperation mit lokalen Produktionsbetrieben hat Maxon Sweden AB einen in Schweden gefertigten, robusten Container mit Bodenentleerung fu\u0308r die Abfall- und Materialwirtschaft getestet und entwickelt. Das Unternehmen verfu\u0308gt u\u0308ber eigene Produktions-, Produktentwicklungs- und Vertriebsstandorte in Osby, im Nordosten der Provinz Schonen.<\/p>\n<p>[\/vc_column_text][\/vc_column][\/vc_row][vc_row][vc_column][vc_separator][\/vc_column][\/vc_row][vc_row][vc_column width=&#8220;1\/3&#8243;][vc_row_inner][vc_column_inner][vc_column_text]<\/p>\n<h2 style=\"text-align: center;\">Kontaktinfo<\/h2>\n<p style=\"text-align: center;\">Sie m\u00f6chten mehr erfahren? Kontaktieren Sie uns fu\u0308r mehr Informationen und ein Angebot.<\/p>\n<p>[\/vc_column_text][vc_column_text css=&#8220;.vc_custom_1738569378348{margin-bottom: 0px !important;background-color: #f4f4f4 !important;}&#8220;]<\/p>\n<p style=\"text-align: center;\"><strong>Containers &#8211; Paletten &#8211; Verpackung<br \/>\n<\/strong><\/p>\n<p>[\/vc_column_text][vc_column_text css=&#8220;.vc_custom_1738569429939{padding-top: 20px !important;}&#8220;]<\/p>\n<p style=\"text-align: center;\"><strong><a href=\"mailto:info@maxonsweden.se\" target=\"_blank\" rel=\"noopener noreferrer\">info@maxonsweden.se<\/a><\/strong><br \/>\n<strong>+46 (0)479 &#8211; 410 410<br \/>\n<\/strong><\/p>\n<p>[\/vc_column_text][vc_btn title=&#8220;Unsere Datenschutzerkl\u00e4rung&#8220; style=&#8220;classic&#8220; color=&#8220;primary&#8220; size=&#8220;sm&#8220; align=&#8220;center&#8220; button_block=&#8220;true&#8220; link=&#8220;url:http%3A%2F%2Fmaxonsweden.se%2Fwp-content%2Fuploads%2F2018%2F05%2FPolicy-GDPR-Maxon.pdf||target:%20_blank|&#8220;][\/vc_column_inner][\/vc_row_inner][\/vc_column][vc_column width=&#8220;2\/3&#8243;][vc_column_text]<\/p>\n<h2 style=\"text-align: center;\">Willkommen!<\/h2>\n<p style=\"text-align: center;\">Unsere Besucheradresse: Vinterv\u00e4gen 2,\u00a0 283 44 Osby, Schweden<\/p>\n<p>[\/vc_column_text][vc_gmaps link=&#8220;#E-8_JTNDaWZyYW1lJTIwc3JjJTNEJTIyaHR0cHMlM0ElMkYlMkZ3d3cuZ29vZ2xlLmNvbSUyRm1hcHMlMkZlbWJlZCUzRnBiJTNEJTIxMW0xOCUyMTFtMTIlMjExbTMlMjExZDIyMDguMzc1NTgwMjg5ODY0NSUyMTJkMTQuMDE0ODI1NDE2NTY0NTk0JTIxM2Q1Ni4zOTIzNDczODA3Mjk0MSUyMTJtMyUyMTFmMCUyMTJmMCUyMTNmMCUyMTNtMiUyMTFpMTAyNCUyMTJpNzY4JTIxNGYxMy4xJTIxM20zJTIxMW0yJTIxMXMweDQ2NTE0YzdlMGE2ZjM0NTMlMjUzQTB4NmI2OWQyZGQ0YTBkYmZjZiUyMTJzVmludGVydiUyNUMzJTI1QTRnZW4lMjUyMDIlMjUyQyUyNTIwMjgzJTI1MjA0NCUyNTIwT3NieSUyNTJDJTI1MjBTd2VkZW4lMjE1ZTAlMjEzbTIlMjExc2VuJTIxMnNsdiUyMTR2MTY1NzIwMzc2MDI2NiUyMTVtMiUyMTFzZW4lMjEyc2x2JTIyJTIwd2lkdGglM0QlMjIzMDAlMjIlMjBoZWlnaHQlM0QlMjIzMDAlMjIlMjBzdHlsZSUzRCUyMmJvcmRlciUzQTAlM0IlMjIlMjBhbGxvd2Z1bGxzY3JlZW4lM0QlMjIlMjIlMjBsb2FkaW5nJTNEJTIybGF6eSUyMiUyMHJlZmVycmVycG9saWN5JTNEJTIybm8tcmVmZXJyZXItd2hlbi1kb3duZ3JhZGUlMjIlM0UlM0MlMkZpZnJhbWUlM0U=&#8220;][\/vc_column][\/vc_row][vc_row][vc_column][vc_column_text][\/vc_column_text][\/vc_column][\/vc_row]<\/p>\n<\/div>","protected":false},"excerpt":{"rendered":"<p>[vc_row][vc_column][vc_column_text][\/vc_column_text][\/vc_column][\/vc_row][vc_row][vc_column][vc_single_image image=&#8220;1890&#8243; img_size=&#8220;full&#8220;][\/vc_column][\/vc_row][vc_row][vc_column][vc_column_text] MAXON SWEDEN AB [\/vc_column_text][vc_column_text] Das Unternehmen wurde 2006 gegru\u0308ndet und ist auf Industriebedarfsprodukte und Bodenentleerungsbeh\u00e4lter sowie auf die Herstellung von Verpackungsmaterialien aus Holz&#8230;<\/p>\n","protected":false},"author":1,"featured_media":-1,"parent":0,"menu_order":0,"comment_status":"closed","ping_status":"closed","template":"","meta":{"footnotes":""},"class_list":["post-2529","page","type-page","status-publish","has-post-thumbnail","hentry"],"yoast_head":"<!-- This site is optimized with the Yoast SEO plugin v27.3 - https:\/\/yoast.com\/product\/yoast-seo-wordpress\/ -->\n<title>\u00dcber uns - Maxonsweden<\/title>\n<meta name=\"robots\" content=\"index, follow, max-snippet:-1, max-image-preview:large, max-video-preview:-1\" \/>\n<link rel=\"canonical\" href=\"https:\/\/maxonsweden.se\/de\/om-foretaget\/\" \/>\n<meta property=\"og:locale\" content=\"de_DE\" \/>\n<meta property=\"og:type\" content=\"article\" \/>\n<meta property=\"og:title\" content=\"\u00dcber uns - Maxonsweden\" \/>\n<meta property=\"og:description\" content=\"[vc_row][vc_column][vc_column_text][\/vc_column_text][\/vc_column][\/vc_row][vc_row][vc_column][vc_single_image image=&#8220;1890&#8243; img_size=&#8220;full&#8220;][\/vc_column][\/vc_row][vc_row][vc_column][vc_column_text] MAXON SWEDEN AB [\/vc_column_text][vc_column_text] Das Unternehmen wurde 2006 gegru\u0308ndet und ist auf Industriebedarfsprodukte und Bodenentleerungsbeh\u00e4lter sowie auf die Herstellung von Verpackungsmaterialien aus Holz...\" \/>\n<meta property=\"og:url\" content=\"https:\/\/maxonsweden.se\/de\/om-foretaget\/\" \/>\n<meta property=\"og:site_name\" content=\"Maxonsweden\" \/>\n<meta property=\"article:modified_time\" content=\"2025-05-07T09:59:33+00:00\" \/>\n<meta name=\"twitter:card\" content=\"summary_large_image\" \/>\n<meta name=\"twitter:label1\" content=\"Gesch\u00e4tzte Lesezeit\" \/>\n\t<meta name=\"twitter:data1\" content=\"1\u00a0Minute\" \/>\n<script type=\"application\/ld+json\" class=\"yoast-schema-graph\">{\"@context\":\"https:\\\/\\\/schema.org\",\"@graph\":[{\"@type\":\"WebPage\",\"@id\":\"https:\\\/\\\/maxonsweden.se\\\/de\\\/om-foretaget\\\/\",\"url\":\"https:\\\/\\\/maxonsweden.se\\\/de\\\/om-foretaget\\\/\",\"name\":\"\u00dcber uns - Maxonsweden\",\"isPartOf\":{\"@id\":\"https:\\\/\\\/maxonsweden.se\\\/#website\"},\"datePublished\":\"2023-09-27T13:29:50+00:00\",\"dateModified\":\"2025-05-07T09:59:33+00:00\",\"breadcrumb\":{\"@id\":\"https:\\\/\\\/maxonsweden.se\\\/de\\\/om-foretaget\\\/#breadcrumb\"},\"inLanguage\":\"de\",\"potentialAction\":[{\"@type\":\"ReadAction\",\"target\":[\"https:\\\/\\\/maxonsweden.se\\\/de\\\/om-foretaget\\\/\"]}]},{\"@type\":\"BreadcrumbList\",\"@id\":\"https:\\\/\\\/maxonsweden.se\\\/de\\\/om-foretaget\\\/#breadcrumb\",\"itemListElement\":[{\"@type\":\"ListItem\",\"position\":1,\"name\":\"Home\",\"item\":\"https:\\\/\\\/maxonsweden.se\\\/de\\\/\"},{\"@type\":\"ListItem\",\"position\":2,\"name\":\"\u00dcber uns\"}]},{\"@type\":\"WebSite\",\"@id\":\"https:\\\/\\\/maxonsweden.se\\\/#website\",\"url\":\"https:\\\/\\\/maxonsweden.se\\\/\",\"name\":\"Maxonsweden\",\"description\":\"Containers, Holzkisten, Paletten, Verpackungsmaterial\",\"potentialAction\":[{\"@type\":\"SearchAction\",\"target\":{\"@type\":\"EntryPoint\",\"urlTemplate\":\"https:\\\/\\\/maxonsweden.se\\\/?s={search_term_string}\"},\"query-input\":{\"@type\":\"PropertyValueSpecification\",\"valueRequired\":true,\"valueName\":\"search_term_string\"}}],\"inLanguage\":\"de\"}]}<\/script>\n<!-- \/ Yoast SEO plugin. -->","yoast_head_json":{"title":"\u00dcber uns - Maxonsweden","robots":{"index":"index","follow":"follow","max-snippet":"max-snippet:-1","max-image-preview":"max-image-preview:large","max-video-preview":"max-video-preview:-1"},"canonical":"https:\/\/maxonsweden.se\/de\/om-foretaget\/","og_locale":"de_DE","og_type":"article","og_title":"\u00dcber uns - Maxonsweden","og_description":"[vc_row][vc_column][vc_column_text][\/vc_column_text][\/vc_column][\/vc_row][vc_row][vc_column][vc_single_image image=&#8220;1890&#8243; img_size=&#8220;full&#8220;][\/vc_column][\/vc_row][vc_row][vc_column][vc_column_text] MAXON SWEDEN AB [\/vc_column_text][vc_column_text] Das Unternehmen wurde 2006 gegru\u0308ndet und ist auf Industriebedarfsprodukte und Bodenentleerungsbeh\u00e4lter sowie auf die Herstellung von Verpackungsmaterialien aus Holz...","og_url":"https:\/\/maxonsweden.se\/de\/om-foretaget\/","og_site_name":"Maxonsweden","article_modified_time":"2025-05-07T09:59:33+00:00","twitter_card":"summary_large_image","twitter_misc":{"Gesch\u00e4tzte Lesezeit":"1\u00a0Minute"},"schema":{"@context":"https:\/\/schema.org","@graph":[{"@type":"WebPage","@id":"https:\/\/maxonsweden.se\/de\/om-foretaget\/","url":"https:\/\/maxonsweden.se\/de\/om-foretaget\/","name":"\u00dcber uns - Maxonsweden","isPartOf":{"@id":"https:\/\/maxonsweden.se\/#website"},"datePublished":"2023-09-27T13:29:50+00:00","dateModified":"2025-05-07T09:59:33+00:00","breadcrumb":{"@id":"https:\/\/maxonsweden.se\/de\/om-foretaget\/#breadcrumb"},"inLanguage":"de","potentialAction":[{"@type":"ReadAction","target":["https:\/\/maxonsweden.se\/de\/om-foretaget\/"]}]},{"@type":"BreadcrumbList","@id":"https:\/\/maxonsweden.se\/de\/om-foretaget\/#breadcrumb","itemListElement":[{"@type":"ListItem","position":1,"name":"Home","item":"https:\/\/maxonsweden.se\/de\/"},{"@type":"ListItem","position":2,"name":"\u00dcber uns"}]},{"@type":"WebSite","@id":"https:\/\/maxonsweden.se\/#website","url":"https:\/\/maxonsweden.se\/","name":"Maxonsweden","description":"Containers, Holzkisten, Paletten, Verpackungsmaterial","potentialAction":[{"@type":"SearchAction","target":{"@type":"EntryPoint","urlTemplate":"https:\/\/maxonsweden.se\/?s={search_term_string}"},"query-input":{"@type":"PropertyValueSpecification","valueRequired":true,"valueName":"search_term_string"}}],"inLanguage":"de"}]}},"_links":{"self":[{"href":"https:\/\/maxonsweden.se\/de\/wp-json\/wp\/v2\/pages\/2529","targetHints":{"allow":["GET"]}}],"collection":[{"href":"https:\/\/maxonsweden.se\/de\/wp-json\/wp\/v2\/pages"}],"about":[{"href":"https:\/\/maxonsweden.se\/de\/wp-json\/wp\/v2\/types\/page"}],"author":[{"embeddable":true,"href":"https:\/\/maxonsweden.se\/de\/wp-json\/wp\/v2\/users\/1"}],"replies":[{"embeddable":true,"href":"https:\/\/maxonsweden.se\/de\/wp-json\/wp\/v2\/comments?post=2529"}],"version-history":[{"count":10,"href":"https:\/\/maxonsweden.se\/de\/wp-json\/wp\/v2\/pages\/2529\/revisions"}],"predecessor-version":[{"id":2962,"href":"https:\/\/maxonsweden.se\/de\/wp-json\/wp\/v2\/pages\/2529\/revisions\/2962"}],"wp:featuredmedia":[{"embeddable":true,"href":"https:\/\/maxonsweden.se\/de\/wp-json\/"}],"wp:attachment":[{"href":"https:\/\/maxonsweden.se\/de\/wp-json\/wp\/v2\/media?parent=2529"}],"curies":[{"name":"wp","href":"https:\/\/api.w.org\/{rel}","templated":true}]}}