{"id":2523,"date":"2023-09-28T14:04:27","date_gmt":"2023-09-28T12:04:27","guid":{"rendered":"https:\/\/maxonsweden.se\/traemballage\/"},"modified":"2025-05-07T12:20:12","modified_gmt":"2025-05-07T10:20:12","slug":"traemballage","status":"publish","type":"page","link":"https:\/\/maxonsweden.se\/de\/traemballage\/","title":{"rendered":"Holzverpackungen"},"content":{"rendered":"<div class=\"wpb-content-wrapper\"><p>[vc_row][vc_column][vc_single_image image=&#8220;1916&#8243; img_size=&#8220;full&#8220; alignment=&#8220;center&#8220; onclick=&#8220;img_link_large&#8220;][vc_column_text css=&#8220;.vc_custom_1746613032029{margin-top: 0px !important;margin-bottom: 0px !important;padding-top: 5px !important;padding-bottom: 5px !important;}&#8220;]<\/p>\n<h1 style=\"text-align: center;\">Paletten, Holzkisten, Spulengestelle<\/h1>\n<p>[\/vc_column_text][vc_column_text css=&#8220;.vc_custom_1746613041289{margin-top: 0px !important;padding-top: 5px !important;}&#8220;]<\/p>\n<h3 style=\"text-align: center;\">\u2013 sowohl Sonderanfertigungen als auch Standardartikel<\/h3>\n<p>[\/vc_column_text][vc_column_text css=&#8220;&#8220;]Wir bieten alle Arten von Verpackungsmaterialien aus Holz an, von traditionellen Paletten und losem Holz bis hin zu vollst\u00e4ndig ma\u00dfgeschneiderten Holzverschl\u00e4gen, Kisten, Paletten, Gestellen, Nutbalken, Fu\u0308llholz und mehr.[\/vc_column_text][\/vc_column][\/vc_row][vc_row css=&#8220;.vc_custom_1502283771863{margin-right: 0px !important;margin-left: 0px !important;background-color: #f4f4f4 !important;}&#8220;][vc_column][vc_column_text css=&#8220;&#8220;]<\/p>\n<h2 style=\"text-align: center; margin-bottom: 0;\">Produktsortiment<\/h2>\n<p style=\"text-align: center;\">Wir fertigen nach den Vorgaben unserer Kunden. Nachstehend finden Sie einige Beispiele.<\/p>\n<p>[\/vc_column_text][vc_row_inner][vc_column_inner width=&#8220;1\/4&#8243;][vc_single_image image=&#8220;2101&#8243; img_size=&#8220;full&#8220; alignment=&#8220;center&#8220; css=&#8220;.vc_custom_1699355108302{margin-bottom: 10px !important;}&#8220; el_class=&#8220;zoom-img&#8220;][vc_custom_heading text=&#8220;Holzkisten&#8220; font_container=&#8220;tag:h3|font_size:20|text_align:center|line_height:1&#8243; use_theme_fonts=&#8220;yes&#8220; css=&#8220;.vc_custom_1746613073750{margin-bottom: 0px !important;padding-bottom: 5px !important;}&#8220;][\/vc_column_inner][vc_column_inner width=&#8220;1\/4&#8243;][vc_single_image image=&#8220;1928&#8243; img_size=&#8220;full&#8220; alignment=&#8220;center&#8220; onclick=&#8220;img_link_large&#8220; css=&#8220;.vc_custom_1696404277996{margin-bottom: 10px !important;}&#8220; el_class=&#8220;zoom-img&#8220;][vc_custom_heading text=&#8220;Ma\u00dfgefertigte Kisten aus Holz&#8220; font_container=&#8220;tag:h3|font_size:20|text_align:center|line_height:1&#8243; use_theme_fonts=&#8220;yes&#8220; css=&#8220;.vc_custom_1746613080250{margin-bottom: 0px !important;padding-bottom: 5px !important;}&#8220;][\/vc_column_inner][vc_column_inner width=&#8220;1\/4&#8243;][vc_single_image image=&#8220;1926&#8243; img_size=&#8220;full&#8220; alignment=&#8220;center&#8220; onclick=&#8220;img_link_large&#8220; css=&#8220;.vc_custom_1696404073686{margin-bottom: 10px !important;}&#8220; el_class=&#8220;zoom-img&#8220;][vc_custom_heading text=&#8220;Versandkisten aus Grobspanplatten&#8220; font_container=&#8220;tag:h3|font_size:20|text_align:center|line_height:1&#8243; use_theme_fonts=&#8220;yes&#8220; css=&#8220;.vc_custom_1746613087730{margin-bottom: 0px !important;padding-bottom: 5px !important;}&#8220;][\/vc_column_inner][vc_column_inner width=&#8220;1\/4&#8243;][vc_single_image image=&#8220;1927&#8243; img_size=&#8220;full&#8220; alignment=&#8220;center&#8220; onclick=&#8220;img_link_large&#8220; css=&#8220;.vc_custom_1696403476009{margin-bottom: 10px !important;}&#8220; el_class=&#8220;zoom-img&#8220;][vc_custom_heading text=&#8220;Spulengestelle&#8220; font_container=&#8220;tag:h3|font_size:20|text_align:center|line_height:1&#8243; use_theme_fonts=&#8220;yes&#8220; css=&#8220;.vc_custom_1746613093666{margin-bottom: 0px !important;padding-bottom: 5px !important;}&#8220;][\/vc_column_inner][\/vc_row_inner][vc_row_inner][vc_column_inner width=&#8220;1\/4&#8243;][vc_single_image image=&#8220;1953&#8243; img_size=&#8220;full&#8220; alignment=&#8220;center&#8220; css=&#8220;.vc_custom_1696404768534{margin-bottom: 10px !important;}&#8220; el_class=&#8220;zoom-img&#8220;][vc_custom_heading text=&#8220;Langpaletten&#8220; font_container=&#8220;tag:h3|font_size:20|text_align:center&#8220; use_theme_fonts=&#8220;yes&#8220; css=&#8220;.vc_custom_1746613102234{margin-bottom: 0px !important;padding-bottom: 5px !important;}&#8220;][\/vc_column_inner][vc_column_inner width=&#8220;1\/4&#8243;][vc_single_image image=&#8220;2179&#8243; img_size=&#8220;full&#8220; alignment=&#8220;center&#8220; onclick=&#8220;img_link_large&#8220; css=&#8220;.vc_custom_1701087972929{margin-bottom: 10px !important;}&#8220; el_class=&#8220;zoom-img&#8220;][vc_custom_heading text=&#8220;A\/L-Transportgestelle&#8220; font_container=&#8220;tag:h3|font_size:20|text_align:center&#8220; use_theme_fonts=&#8220;yes&#8220; css=&#8220;.vc_custom_1746613114234{margin-bottom: 0px !important;padding-bottom: 5px !important;}&#8220;][\/vc_column_inner][vc_column_inner width=&#8220;1\/4&#8243;][vc_single_image image=&#8220;2148&#8243; img_size=&#8220;full&#8220; alignment=&#8220;center&#8220; onclick=&#8220;img_link_large&#8220; css=&#8220;.vc_custom_1699373456711{margin-bottom: 10px !important;}&#8220; el_class=&#8220;zoom-img&#8220;][vc_custom_heading text=&#8220;Ma\u00dfanfertigung mit Griff&#8220; font_container=&#8220;tag:h3|font_size:20|text_align:center&#8220; use_theme_fonts=&#8220;yes&#8220; css=&#8220;.vc_custom_1746613126962{margin-bottom: 0px !important;padding-bottom: 5px !important;}&#8220;][\/vc_column_inner][vc_column_inner width=&#8220;1\/4&#8243;][vc_single_image image=&#8220;2175&#8243; img_size=&#8220;full&#8220; alignment=&#8220;center&#8220; onclick=&#8220;img_link_large&#8220; css=&#8220;.vc_custom_1701082924109{margin-bottom: 10px !important;}&#8220; el_class=&#8220;zoom-img&#8220;][vc_custom_heading text=&#8220;Palettenrahmen&#8220; font_container=&#8220;tag:h3|font_size:20|text_align:center&#8220; use_theme_fonts=&#8220;yes&#8220; css=&#8220;.vc_custom_1746613143322{margin-bottom: 0px !important;padding-bottom: 5px !important;}&#8220;][\/vc_column_inner][\/vc_row_inner][\/vc_column][\/vc_row][vc_row gap=&#8220;10&#8243; equal_height=&#8220;yes&#8220;][vc_column width=&#8220;1\/3&#8243;][vc_single_image image=&#8220;1935&#8243; img_size=&#8220;full&#8220; alignment=&#8220;center&#8220; onclick=&#8220;img_link_large&#8220; css=&#8220;.vc_custom_1696339365100{margin-top: 0px !important;margin-right: 0px !important;margin-bottom: 0px !important;margin-left: 0px !important;padding-top: 0px !important;padding-right: 0px !important;padding-bottom: 0px !important;padding-left: 0px !important;}&#8220;][\/vc_column][vc_column width=&#8220;1\/3&#8243;][vc_custom_heading text=&#8220;ISPM-15-ZERTIFIZIERT&#8220; use_theme_fonts=&#8220;yes&#8220; css=&#8220;&#8220;][vc_column_text css=&#8220;&#8220;]ISPM 15 ist eine internationale Zertifizierung, mit der bescheinigt wird, dass Holzverpackungsmaterialien gegen Pflanzensch\u00e4dlinge behandelt wurden. Dadurch wird das Risiko der Ausbreitung von Sch\u00e4dlingen durch Holzverpackungsmaterialien verringert. Alle unsere Holzverpackungsmaterialien sind gem\u00e4\u00df dem ISPM-15-Standard zertifiziert.[\/vc_column_text][\/vc_column][vc_column width=&#8220;1\/3&#8243;][vc_single_image image=&#8220;1936&#8243; img_size=&#8220;full&#8220; alignment=&#8220;center&#8220; onclick=&#8220;img_link_large&#8220; css=&#8220;.vc_custom_1696407238191{margin-top: 0px !important;margin-right: 0px !important;margin-bottom: 0px !important;margin-left: 0px !important;padding-top: 0px !important;padding-right: 0px !important;padding-bottom: 0px !important;padding-left: 0px !important;}&#8220;][\/vc_column][\/vc_row][vc_row][vc_column][vc_empty_space height=&#8220;10px&#8220;][\/vc_column][\/vc_row][vc_row][vc_column width=&#8220;1\/3&#8243;][vc_single_image image=&#8220;2152&#8243; img_size=&#8220;full&#8220; alignment=&#8220;center&#8220; onclick=&#8220;img_link_large&#8220; css=&#8220;.vc_custom_1699374847843{margin-top: 0px !important;margin-right: 0px !important;margin-bottom: 0px !important;margin-left: 0px !important;padding-top: 0px !important;padding-right: 0px !important;padding-bottom: 0px !important;padding-left: 0px !important;}&#8220;][\/vc_column][vc_column width=&#8220;1\/3&#8243;][vc_single_image image=&#8220;2151&#8243; img_size=&#8220;full&#8220; alignment=&#8220;center&#8220; onclick=&#8220;img_link_large&#8220; css=&#8220;.vc_custom_1699374857555{margin-top: 0px !important;margin-right: 0px !important;margin-bottom: 0px !important;margin-left: 0px !important;padding-top: 0px !important;padding-right: 0px !important;padding-bottom: 0px !important;padding-left: 0px !important;}&#8220;][\/vc_column][vc_column width=&#8220;1\/3&#8243;][vc_single_image image=&#8220;2150&#8243; img_size=&#8220;full&#8220; alignment=&#8220;center&#8220; onclick=&#8220;img_link_large&#8220; css=&#8220;.vc_custom_1699374865862{margin-top: 0px !important;margin-right: 0px !important;margin-bottom: 0px !important;margin-left: 0px !important;padding-top: 0px !important;padding-right: 0px !important;padding-bottom: 0px !important;padding-left: 0px !important;}&#8220;][\/vc_column][\/vc_row][vc_row][vc_column][vc_empty_space height=&#8220;10px&#8220;][\/vc_column][\/vc_row][vc_row][vc_column width=&#8220;1\/3&#8243;][vc_single_image image=&#8220;2153&#8243; img_size=&#8220;full&#8220; alignment=&#8220;center&#8220; onclick=&#8220;img_link_large&#8220; css=&#8220;.vc_custom_1699374919233{margin-top: 0px !important;margin-right: 0px !important;margin-bottom: 0px !important;margin-left: 0px !important;padding-top: 0px !important;padding-right: 0px !important;padding-bottom: 0px !important;padding-left: 0px !important;}&#8220;][\/vc_column][vc_column width=&#8220;1\/3&#8243;][vc_single_image image=&#8220;2158&#8243; img_size=&#8220;full&#8220; alignment=&#8220;center&#8220; onclick=&#8220;img_link_large&#8220; css=&#8220;.vc_custom_1699534409476{margin-top: 0px !important;margin-right: 0px !important;margin-bottom: 0px !important;margin-left: 0px !important;padding-top: 0px !important;padding-right: 0px !important;padding-bottom: 0px !important;padding-left: 0px !important;}&#8220;][\/vc_column][vc_column width=&#8220;1\/3&#8243;][vc_single_image image=&#8220;2169&#8243; img_size=&#8220;full&#8220; alignment=&#8220;center&#8220; onclick=&#8220;img_link_large&#8220; css=&#8220;.vc_custom_1699953453855{margin-top: 0px !important;margin-right: 0px !important;margin-bottom: 0px !important;margin-left: 0px !important;padding-top: 0px !important;padding-right: 0px !important;padding-bottom: 0px !important;padding-left: 0px !important;}&#8220;][\/vc_column][\/vc_row][vc_row gap=&#8220;10&#8243; equal_height=&#8220;yes&#8220; css=&#8220;.vc_custom_1696410607358{background-color: #f4f4f4 !important;}&#8220;][vc_column][vc_custom_heading text=&#8220;Neugierig auf weitere Produkte?&#8220; font_container=&#8220;tag:h3|text_align:center&#8220; use_theme_fonts=&#8220;yes&#8220; css=&#8220;&#8220;][vc_row_inner css=&#8220;.vc_custom_1696410621859{margin-top: 0px !important;margin-bottom: 0px !important;padding-top: 5px !important;padding-bottom: 5px !important;}&#8220;][vc_column_inner width=&#8220;1\/2&#8243;][vc_single_image image=&#8220;2901&#8243; img_size=&#8220;full&#8220; alignment=&#8220;center&#8220; onclick=&#8220;custom_link&#8220; css=&#8220;.vc_custom_1746613177856{margin-top: 0px !important;margin-right: 0px !important;margin-bottom: 0px !important;margin-left: 0px !important;padding-top: 0px !important;padding-right: 0px !important;padding-bottom: 0px !important;padding-left: 0px !important;}&#8220; link=&#8220;https:\/\/maxonsweden.se\/de\/svensktillverkade_containers\/&#8220;][vc_column_text css=&#8220;.vc_custom_1746613196537{margin-top: 10px !important;}&#8220;]<\/p>\n<p style=\"text-align: center;\"><a href=\"https:\/\/maxonsweden.se\/de\/svensktillverkade_containers\/\"><em><span style=\"color: #0064a7;\">Containers<\/span><\/em><\/a><\/p>\n<p>[\/vc_column_text][\/vc_column_inner][vc_column_inner width=&#8220;1\/2&#8243;][vc_single_image image=&#8220;1978&#8243; img_size=&#8220;full&#8220; alignment=&#8220;center&#8220; onclick=&#8220;custom_link&#8220; css=&#8220;.vc_custom_1696410198548{margin-top: 0px !important;margin-right: 0px !important;margin-bottom: 0px !important;margin-left: 0px !important;padding-top: 0px !important;padding-right: 0px !important;padding-bottom: 0px !important;padding-left: 0px !important;}&#8220; link=&#8220;https:\/\/maxonsweden.se\/de\/emballeringsmaterial\/&#8220;][vc_column_text css=&#8220;.vc_custom_1746613186913{margin-top: 10px !important;}&#8220;]<\/p>\n<p style=\"text-align: center;\"><a href=\"https:\/\/maxonsweden.se\/de\/emballeringsmaterial\/\"><em><span style=\"color: #0064a7;\">Verpackungsmaterialien<\/span><\/em><\/a><\/p>\n<p>[\/vc_column_text][\/vc_column_inner][\/vc_row_inner][\/vc_column][\/vc_row][vc_row][vc_column][vc_empty_space height=&#8220;10px&#8220;][\/vc_column][\/vc_row]<\/p>\n<\/div>","protected":false},"excerpt":{"rendered":"<p>[vc_row][vc_column][vc_single_image image=&#8220;1916&#8243; img_size=&#8220;full&#8220; alignment=&#8220;center&#8220; onclick=&#8220;img_link_large&#8220;][vc_column_text css=&#8220;.vc_custom_1746613032029{margin-top: 0px !important;margin-bottom: 0px !important;padding-top: 5px !important;padding-bottom: 5px !important;}&#8220;] Paletten, Holzkisten, Spulengestelle [\/vc_column_text][vc_column_text css=&#8220;.vc_custom_1746613041289{margin-top: 0px !important;padding-top: 5px !important;}&#8220;] \u2013 sowohl Sonderanfertigungen&#8230;<\/p>\n","protected":false},"author":1,"featured_media":-1,"parent":0,"menu_order":0,"comment_status":"closed","ping_status":"closed","template":"","meta":{"footnotes":""},"class_list":["post-2523","page","type-page","status-publish","has-post-thumbnail","hentry"],"yoast_head":"<!-- This site is optimized with the Yoast SEO plugin v27.3 - https:\/\/yoast.com\/product\/yoast-seo-wordpress\/ -->\n<title>Holzverpackungen - Maxonsweden<\/title>\n<meta name=\"description\" content=\"Vi erbjuder alla typer av tr\u00e4emballage. Tr\u00e4l\u00e5dorna finns i ett antal standard storlekar men vanligtvis bygger vi helt kundspecial.\" \/>\n<meta name=\"robots\" content=\"index, follow, max-snippet:-1, max-image-preview:large, max-video-preview:-1\" \/>\n<link rel=\"canonical\" href=\"https:\/\/maxonsweden.se\/de\/traemballage\/\" \/>\n<meta property=\"og:locale\" content=\"de_DE\" \/>\n<meta property=\"og:type\" content=\"article\" \/>\n<meta property=\"og:title\" content=\"Holzverpackungen - Maxonsweden\" \/>\n<meta property=\"og:description\" content=\"Vi erbjuder alla typer av tr\u00e4emballage. Tr\u00e4l\u00e5dorna finns i ett antal standard storlekar men vanligtvis bygger vi helt kundspecial.\" \/>\n<meta property=\"og:url\" content=\"https:\/\/maxonsweden.se\/de\/traemballage\/\" \/>\n<meta property=\"og:site_name\" content=\"Maxonsweden\" \/>\n<meta property=\"article:modified_time\" content=\"2025-05-07T10:20:12+00:00\" \/>\n<meta name=\"twitter:card\" content=\"summary_large_image\" \/>\n<meta name=\"twitter:label1\" content=\"Gesch\u00e4tzte Lesezeit\" \/>\n\t<meta name=\"twitter:data1\" content=\"7\u00a0Minuten\" \/>\n<script type=\"application\/ld+json\" class=\"yoast-schema-graph\">{\"@context\":\"https:\\\/\\\/schema.org\",\"@graph\":[{\"@type\":\"WebPage\",\"@id\":\"https:\\\/\\\/maxonsweden.se\\\/de\\\/traemballage\\\/\",\"url\":\"https:\\\/\\\/maxonsweden.se\\\/de\\\/traemballage\\\/\",\"name\":\"Holzverpackungen - Maxonsweden\",\"isPartOf\":{\"@id\":\"https:\\\/\\\/maxonsweden.se\\\/#website\"},\"datePublished\":\"2023-09-28T12:04:27+00:00\",\"dateModified\":\"2025-05-07T10:20:12+00:00\",\"description\":\"Vi erbjuder alla typer av tr\u00e4emballage. Tr\u00e4l\u00e5dorna finns i ett antal standard storlekar men vanligtvis bygger vi helt kundspecial.\",\"breadcrumb\":{\"@id\":\"https:\\\/\\\/maxonsweden.se\\\/de\\\/traemballage\\\/#breadcrumb\"},\"inLanguage\":\"de\",\"potentialAction\":[{\"@type\":\"ReadAction\",\"target\":[\"https:\\\/\\\/maxonsweden.se\\\/de\\\/traemballage\\\/\"]}]},{\"@type\":\"BreadcrumbList\",\"@id\":\"https:\\\/\\\/maxonsweden.se\\\/de\\\/traemballage\\\/#breadcrumb\",\"itemListElement\":[{\"@type\":\"ListItem\",\"position\":1,\"name\":\"Home\",\"item\":\"https:\\\/\\\/maxonsweden.se\\\/de\\\/\"},{\"@type\":\"ListItem\",\"position\":2,\"name\":\"Holzverpackungen\"}]},{\"@type\":\"WebSite\",\"@id\":\"https:\\\/\\\/maxonsweden.se\\\/#website\",\"url\":\"https:\\\/\\\/maxonsweden.se\\\/\",\"name\":\"Maxonsweden\",\"description\":\"Containers, Holzkisten, Paletten, Verpackungsmaterial\",\"potentialAction\":[{\"@type\":\"SearchAction\",\"target\":{\"@type\":\"EntryPoint\",\"urlTemplate\":\"https:\\\/\\\/maxonsweden.se\\\/?s={search_term_string}\"},\"query-input\":{\"@type\":\"PropertyValueSpecification\",\"valueRequired\":true,\"valueName\":\"search_term_string\"}}],\"inLanguage\":\"de\"}]}<\/script>\n<!-- \/ Yoast SEO plugin. -->","yoast_head_json":{"title":"Holzverpackungen - Maxonsweden","description":"Vi erbjuder alla typer av tr\u00e4emballage. Tr\u00e4l\u00e5dorna finns i ett antal standard storlekar men vanligtvis bygger vi helt kundspecial.","robots":{"index":"index","follow":"follow","max-snippet":"max-snippet:-1","max-image-preview":"max-image-preview:large","max-video-preview":"max-video-preview:-1"},"canonical":"https:\/\/maxonsweden.se\/de\/traemballage\/","og_locale":"de_DE","og_type":"article","og_title":"Holzverpackungen - Maxonsweden","og_description":"Vi erbjuder alla typer av tr\u00e4emballage. Tr\u00e4l\u00e5dorna finns i ett antal standard storlekar men vanligtvis bygger vi helt kundspecial.","og_url":"https:\/\/maxonsweden.se\/de\/traemballage\/","og_site_name":"Maxonsweden","article_modified_time":"2025-05-07T10:20:12+00:00","twitter_card":"summary_large_image","twitter_misc":{"Gesch\u00e4tzte Lesezeit":"7\u00a0Minuten"},"schema":{"@context":"https:\/\/schema.org","@graph":[{"@type":"WebPage","@id":"https:\/\/maxonsweden.se\/de\/traemballage\/","url":"https:\/\/maxonsweden.se\/de\/traemballage\/","name":"Holzverpackungen - Maxonsweden","isPartOf":{"@id":"https:\/\/maxonsweden.se\/#website"},"datePublished":"2023-09-28T12:04:27+00:00","dateModified":"2025-05-07T10:20:12+00:00","description":"Vi erbjuder alla typer av tr\u00e4emballage. Tr\u00e4l\u00e5dorna finns i ett antal standard storlekar men vanligtvis bygger vi helt kundspecial.","breadcrumb":{"@id":"https:\/\/maxonsweden.se\/de\/traemballage\/#breadcrumb"},"inLanguage":"de","potentialAction":[{"@type":"ReadAction","target":["https:\/\/maxonsweden.se\/de\/traemballage\/"]}]},{"@type":"BreadcrumbList","@id":"https:\/\/maxonsweden.se\/de\/traemballage\/#breadcrumb","itemListElement":[{"@type":"ListItem","position":1,"name":"Home","item":"https:\/\/maxonsweden.se\/de\/"},{"@type":"ListItem","position":2,"name":"Holzverpackungen"}]},{"@type":"WebSite","@id":"https:\/\/maxonsweden.se\/#website","url":"https:\/\/maxonsweden.se\/","name":"Maxonsweden","description":"Containers, Holzkisten, Paletten, Verpackungsmaterial","potentialAction":[{"@type":"SearchAction","target":{"@type":"EntryPoint","urlTemplate":"https:\/\/maxonsweden.se\/?s={search_term_string}"},"query-input":{"@type":"PropertyValueSpecification","valueRequired":true,"valueName":"search_term_string"}}],"inLanguage":"de"}]}},"_links":{"self":[{"href":"https:\/\/maxonsweden.se\/de\/wp-json\/wp\/v2\/pages\/2523","targetHints":{"allow":["GET"]}}],"collection":[{"href":"https:\/\/maxonsweden.se\/de\/wp-json\/wp\/v2\/pages"}],"about":[{"href":"https:\/\/maxonsweden.se\/de\/wp-json\/wp\/v2\/types\/page"}],"author":[{"embeddable":true,"href":"https:\/\/maxonsweden.se\/de\/wp-json\/wp\/v2\/users\/1"}],"replies":[{"embeddable":true,"href":"https:\/\/maxonsweden.se\/de\/wp-json\/wp\/v2\/comments?post=2523"}],"version-history":[{"count":12,"href":"https:\/\/maxonsweden.se\/de\/wp-json\/wp\/v2\/pages\/2523\/revisions"}],"predecessor-version":[{"id":2979,"href":"https:\/\/maxonsweden.se\/de\/wp-json\/wp\/v2\/pages\/2523\/revisions\/2979"}],"wp:featuredmedia":[{"embeddable":true,"href":"https:\/\/maxonsweden.se\/de\/wp-json\/"}],"wp:attachment":[{"href":"https:\/\/maxonsweden.se\/de\/wp-json\/wp\/v2\/media?parent=2523"}],"curies":[{"name":"wp","href":"https:\/\/api.w.org\/{rel}","templated":true}]}}