{"id":2517,"date":"2023-09-28T14:05:14","date_gmt":"2023-09-28T12:05:14","guid":{"rendered":"https:\/\/maxonsweden.se\/emballeringsmaterial\/"},"modified":"2025-05-07T12:15:31","modified_gmt":"2025-05-07T10:15:31","slug":"emballeringsmaterial","status":"publish","type":"page","link":"https:\/\/maxonsweden.se\/de\/emballeringsmaterial\/","title":{"rendered":"Verpackungsmaterialien"},"content":{"rendered":"<div class=\"wpb-content-wrapper\"><p>[vc_row][vc_column][vc_single_image image=&#8220;1913&#8243; img_size=&#8220;full&#8220; alignment=&#8220;center&#8220; onclick=&#8220;img_link_large&#8220;][vc_column_text css=&#8220;&#8220;]<\/p>\n<h2 style=\"text-align: center;\">Verpackungsmaterialien, Stahl-\/Kunststoff-Umreifungsb\u00e4nder, Palettenabdeckungen und mehr.<\/h2>\n<p>[\/vc_column_text][vc_column_text css=&#8220;&#8220;]<\/p>\n<p style=\"text-align: center;\">Umwicklungs- und Verpackungsmaterialien wie Kantenschutzprofile, Hartfaserplatten, Papierb\u00f6gen, Kunststoffhu\u0308llen, Stahl-\/Kunststoff-Umreifungsb\u00e4nder und mehr.<\/p>\n<p>[\/vc_column_text][\/vc_column][\/vc_row][vc_row css=&#8220;.vc_custom_1502283771863{margin-right: 0px !important;margin-left: 0px !important;background-color: #f4f4f4 !important;}&#8220;][vc_column][vc_column_text css=&#8220;&#8220;]<\/p>\n<h2 style=\"text-align: center;\">Sortiment<\/h2>\n<p style=\"text-align: center;\">Einige Beispiele aus unserem Sortiment an Verpackungs- und Packmaterialien.<\/p>\n<p>[\/vc_column_text][vc_row_inner gap=&#8220;15&#8243;][vc_column_inner width=&#8220;1\/4&#8243;][vc_single_image image=&#8220;2183&#8243; img_size=&#8220;full&#8220; alignment=&#8220;center&#8220; onclick=&#8220;img_link_large&#8220; css=&#8220;.vc_custom_1701261987910{margin-bottom: 10px !important;}&#8220;][vc_custom_heading text=&#8220;Papierb\u00f6gen&#8220; font_container=&#8220;tag:h3|font_size:20|text_align:center|line_height:1&#8243; use_theme_fonts=&#8220;yes&#8220; css=&#8220;.vc_custom_1746612866642{margin-bottom: 0px !important;padding-bottom: 5px !important;}&#8220;][\/vc_column_inner][vc_column_inner width=&#8220;1\/4&#8243;][vc_single_image image=&#8220;1905&#8243; img_size=&#8220;full&#8220; alignment=&#8220;center&#8220; onclick=&#8220;img_link_large&#8220; css=&#8220;.vc_custom_1696334914877{margin-bottom: 10px !important;}&#8220;][vc_custom_heading text=&#8220;Kantenschutzprofile aus Karton&#8220; font_container=&#8220;tag:h3|font_size:20|text_align:center|line_height:1&#8243; use_theme_fonts=&#8220;yes&#8220; css=&#8220;.vc_custom_1746612873215{margin-bottom: 0px !important;padding-bottom: 5px !important;}&#8220;][\/vc_column_inner][vc_column_inner width=&#8220;1\/4&#8243;][vc_single_image image=&#8220;2182&#8243; img_size=&#8220;full&#8220; alignment=&#8220;center&#8220; onclick=&#8220;img_link_large&#8220; css=&#8220;.vc_custom_1701262003488{margin-bottom: 10px !important;}&#8220;][vc_custom_heading text=&#8220;Kunststoffhu\u0308llen&#8220; font_container=&#8220;tag:h3|font_size:20|text_align:center|line_height:1&#8243; use_theme_fonts=&#8220;yes&#8220; css=&#8220;.vc_custom_1746612880772{margin-bottom: 0px !important;padding-bottom: 5px !important;}&#8220;][\/vc_column_inner][vc_column_inner width=&#8220;1\/4&#8243;][vc_single_image image=&#8220;1906&#8243; img_size=&#8220;full&#8220; alignment=&#8220;center&#8220; onclick=&#8220;img_link_large&#8220; css=&#8220;.vc_custom_1696335000323{margin-bottom: 10px !important;}&#8220;][vc_custom_heading text=&#8220;Stahl-Umreifungsb\u00e4nder und Kantenschutzprofile&#8220; font_container=&#8220;tag:h3|font_size:20|text_align:center|line_height:1&#8243; use_theme_fonts=&#8220;yes&#8220; css=&#8220;.vc_custom_1746612887314{margin-bottom: 0px !important;padding-bottom: 5px !important;}&#8220;][\/vc_column_inner][\/vc_row_inner][\/vc_column][\/vc_row][vc_row][vc_column][vc_column_text][\/vc_column_text][\/vc_column][\/vc_row][vc_row gap=&#8220;10&#8243; equal_height=&#8220;yes&#8220;][vc_column width=&#8220;1\/3&#8243;][vc_single_image image=&#8220;2092&#8243; img_size=&#8220;full&#8220; alignment=&#8220;center&#8220; onclick=&#8220;img_link_large&#8220; css=&#8220;.vc_custom_1698910363537{margin-top: 0px !important;margin-right: 0px !important;margin-bottom: 0px !important;margin-left: 0px !important;padding-top: 0px !important;padding-right: 0px !important;padding-bottom: 0px !important;padding-left: 0px !important;}&#8220;][\/vc_column][vc_column width=&#8220;1\/3&#8243;][vc_single_image image=&#8220;2089&#8243; img_size=&#8220;full&#8220; alignment=&#8220;center&#8220; onclick=&#8220;img_link_large&#8220; css=&#8220;.vc_custom_1698910098063{margin-top: 0px !important;margin-right: 0px !important;margin-bottom: 0px !important;margin-left: 0px !important;padding-top: 0px !important;padding-right: 0px !important;padding-bottom: 0px !important;padding-left: 0px !important;}&#8220;][\/vc_column][vc_column width=&#8220;1\/3&#8243;][vc_single_image image=&#8220;2090&#8243; img_size=&#8220;full&#8220; alignment=&#8220;center&#8220; onclick=&#8220;img_link_large&#8220; css=&#8220;.vc_custom_1698910106293{margin-top: 0px !important;margin-right: 0px !important;margin-bottom: 0px !important;margin-left: 0px !important;padding-top: 0px !important;padding-right: 0px !important;padding-bottom: 0px !important;padding-left: 0px !important;}&#8220;][\/vc_column][\/vc_row][vc_row][vc_column][vc_empty_space height=&#8220;10px&#8220;][\/vc_column][\/vc_row][vc_row gap=&#8220;10&#8243; equal_height=&#8220;yes&#8220; css=&#8220;.vc_custom_1696410607358{background-color: #f4f4f4 !important;}&#8220;][vc_column][vc_custom_heading text=&#8220;Neugierig auf weitere Produkte?&#8220; font_container=&#8220;tag:h3|text_align:center&#8220; use_theme_fonts=&#8220;yes&#8220; css=&#8220;&#8220;][vc_row_inner css=&#8220;.vc_custom_1696410621859{margin-top: 0px !important;margin-bottom: 0px !important;padding-top: 5px !important;padding-bottom: 5px !important;}&#8220;][vc_column_inner width=&#8220;1\/2&#8243;][vc_single_image image=&#8220;2901&#8243; img_size=&#8220;full&#8220; alignment=&#8220;center&#8220; onclick=&#8220;custom_link&#8220; css=&#8220;.vc_custom_1746612921460{margin-top: 0px !important;margin-right: 0px !important;margin-bottom: 0px !important;margin-left: 0px !important;padding-top: 0px !important;padding-right: 0px !important;padding-bottom: 0px !important;padding-left: 0px !important;}&#8220; link=&#8220;https:\/\/maxonsweden.se\/de\/svensktillverkade_containers\/&#8220;][vc_column_text css=&#8220;.vc_custom_1746612916802{margin-top: 10px !important;}&#8220;]<\/p>\n<p style=\"text-align: center;\"><a href=\"https:\/\/maxonsweden.se\/de\/svensktillverkade_containers\/\"><em><span style=\"color: #0064a7;\">Containers<\/span><\/em><\/a><\/p>\n<p>[\/vc_column_text][\/vc_column_inner][vc_column_inner width=&#8220;1\/2&#8243;][vc_single_image image=&#8220;1979&#8243; img_size=&#8220;full&#8220; alignment=&#8220;center&#8220; onclick=&#8220;custom_link&#8220; css=&#8220;.vc_custom_1746612925317{margin-top: 0px !important;margin-right: 0px !important;margin-bottom: 0px !important;margin-left: 0px !important;padding-top: 0px !important;padding-right: 0px !important;padding-bottom: 0px !important;padding-left: 0px !important;}&#8220; link=&#8220;https:\/\/maxonsweden.se\/de\/traemballage\/&#8220;][vc_column_text css=&#8220;.vc_custom_1746612931003{margin-top: 10px !important;}&#8220;]<\/p>\n<p style=\"text-align: center;\"><a href=\"https:\/\/maxonsweden.se\/de\/traemballage\/\"><em><span style=\"color: #0064a7;\">Holzverpackungen<\/span><\/em><\/a><\/p>\n<p>[\/vc_column_text][\/vc_column_inner][\/vc_row_inner][\/vc_column][\/vc_row][vc_row][vc_column][vc_empty_space height=&#8220;10px&#8220;][\/vc_column][\/vc_row]<\/p>\n<\/div>","protected":false},"excerpt":{"rendered":"<p>[vc_row][vc_column][vc_single_image image=&#8220;1913&#8243; img_size=&#8220;full&#8220; alignment=&#8220;center&#8220; onclick=&#8220;img_link_large&#8220;][vc_column_text css=&#8220;&#8220;] Verpackungsmaterialien, Stahl-\/Kunststoff-Umreifungsb\u00e4nder, Palettenabdeckungen und mehr. [\/vc_column_text][vc_column_text css=&#8220;&#8220;] Umwicklungs- und Verpackungsmaterialien wie Kantenschutzprofile, Hartfaserplatten, Papierb\u00f6gen, Kunststoffhu\u0308llen, Stahl-\/Kunststoff-Umreifungsb\u00e4nder und mehr. [\/vc_column_text][\/vc_column][\/vc_row][vc_row css=&#8220;.vc_custom_1502283771863{margin-right:&#8230;<\/p>\n","protected":false},"author":1,"featured_media":-1,"parent":0,"menu_order":0,"comment_status":"closed","ping_status":"closed","template":"","meta":{"footnotes":""},"class_list":["post-2517","page","type-page","status-publish","has-post-thumbnail","hentry"],"yoast_head":"<!-- This site is optimized with the Yoast SEO plugin v27.3 - https:\/\/yoast.com\/product\/yoast-seo-wordpress\/ -->\n<title>Verpackungsmaterialien - Maxonsweden<\/title>\n<meta name=\"description\" content=\"Alla typer av emballering- och f\u00f6rpackningsmaterial, kantskydd, truckstr\u00f6, pappskivor, plasthuvar, bubbelplast, sp\u00e4nnband m.m.\" \/>\n<meta name=\"robots\" content=\"index, follow, max-snippet:-1, max-image-preview:large, max-video-preview:-1\" \/>\n<link rel=\"canonical\" href=\"https:\/\/maxonsweden.se\/de\/emballeringsmaterial\/\" \/>\n<meta property=\"og:locale\" content=\"de_DE\" \/>\n<meta property=\"og:type\" content=\"article\" \/>\n<meta property=\"og:title\" content=\"Verpackungsmaterialien - Maxonsweden\" \/>\n<meta property=\"og:description\" content=\"Alla typer av emballering- och f\u00f6rpackningsmaterial, kantskydd, truckstr\u00f6, pappskivor, plasthuvar, bubbelplast, sp\u00e4nnband m.m.\" \/>\n<meta property=\"og:url\" content=\"https:\/\/maxonsweden.se\/de\/emballeringsmaterial\/\" \/>\n<meta property=\"og:site_name\" content=\"Maxonsweden\" \/>\n<meta property=\"article:modified_time\" content=\"2025-05-07T10:15:31+00:00\" \/>\n<meta name=\"twitter:card\" content=\"summary_large_image\" \/>\n<meta name=\"twitter:label1\" content=\"Gesch\u00e4tzte Lesezeit\" \/>\n\t<meta name=\"twitter:data1\" content=\"4\u00a0Minuten\" \/>\n<script type=\"application\/ld+json\" class=\"yoast-schema-graph\">{\"@context\":\"https:\\\/\\\/schema.org\",\"@graph\":[{\"@type\":\"WebPage\",\"@id\":\"https:\\\/\\\/maxonsweden.se\\\/de\\\/emballeringsmaterial\\\/\",\"url\":\"https:\\\/\\\/maxonsweden.se\\\/de\\\/emballeringsmaterial\\\/\",\"name\":\"Verpackungsmaterialien - Maxonsweden\",\"isPartOf\":{\"@id\":\"https:\\\/\\\/maxonsweden.se\\\/#website\"},\"datePublished\":\"2023-09-28T12:05:14+00:00\",\"dateModified\":\"2025-05-07T10:15:31+00:00\",\"description\":\"Alla typer av emballering- och f\u00f6rpackningsmaterial, kantskydd, truckstr\u00f6, pappskivor, plasthuvar, bubbelplast, sp\u00e4nnband m.m.\",\"breadcrumb\":{\"@id\":\"https:\\\/\\\/maxonsweden.se\\\/de\\\/emballeringsmaterial\\\/#breadcrumb\"},\"inLanguage\":\"de\",\"potentialAction\":[{\"@type\":\"ReadAction\",\"target\":[\"https:\\\/\\\/maxonsweden.se\\\/de\\\/emballeringsmaterial\\\/\"]}]},{\"@type\":\"BreadcrumbList\",\"@id\":\"https:\\\/\\\/maxonsweden.se\\\/de\\\/emballeringsmaterial\\\/#breadcrumb\",\"itemListElement\":[{\"@type\":\"ListItem\",\"position\":1,\"name\":\"Home\",\"item\":\"https:\\\/\\\/maxonsweden.se\\\/de\\\/\"},{\"@type\":\"ListItem\",\"position\":2,\"name\":\"Verpackungsmaterialien\"}]},{\"@type\":\"WebSite\",\"@id\":\"https:\\\/\\\/maxonsweden.se\\\/#website\",\"url\":\"https:\\\/\\\/maxonsweden.se\\\/\",\"name\":\"Maxonsweden\",\"description\":\"Containers, Holzkisten, Paletten, Verpackungsmaterial\",\"potentialAction\":[{\"@type\":\"SearchAction\",\"target\":{\"@type\":\"EntryPoint\",\"urlTemplate\":\"https:\\\/\\\/maxonsweden.se\\\/?s={search_term_string}\"},\"query-input\":{\"@type\":\"PropertyValueSpecification\",\"valueRequired\":true,\"valueName\":\"search_term_string\"}}],\"inLanguage\":\"de\"}]}<\/script>\n<!-- \/ Yoast SEO plugin. -->","yoast_head_json":{"title":"Verpackungsmaterialien - Maxonsweden","description":"Alla typer av emballering- och f\u00f6rpackningsmaterial, kantskydd, truckstr\u00f6, pappskivor, plasthuvar, bubbelplast, sp\u00e4nnband m.m.","robots":{"index":"index","follow":"follow","max-snippet":"max-snippet:-1","max-image-preview":"max-image-preview:large","max-video-preview":"max-video-preview:-1"},"canonical":"https:\/\/maxonsweden.se\/de\/emballeringsmaterial\/","og_locale":"de_DE","og_type":"article","og_title":"Verpackungsmaterialien - Maxonsweden","og_description":"Alla typer av emballering- och f\u00f6rpackningsmaterial, kantskydd, truckstr\u00f6, pappskivor, plasthuvar, bubbelplast, sp\u00e4nnband m.m.","og_url":"https:\/\/maxonsweden.se\/de\/emballeringsmaterial\/","og_site_name":"Maxonsweden","article_modified_time":"2025-05-07T10:15:31+00:00","twitter_card":"summary_large_image","twitter_misc":{"Gesch\u00e4tzte Lesezeit":"4\u00a0Minuten"},"schema":{"@context":"https:\/\/schema.org","@graph":[{"@type":"WebPage","@id":"https:\/\/maxonsweden.se\/de\/emballeringsmaterial\/","url":"https:\/\/maxonsweden.se\/de\/emballeringsmaterial\/","name":"Verpackungsmaterialien - Maxonsweden","isPartOf":{"@id":"https:\/\/maxonsweden.se\/#website"},"datePublished":"2023-09-28T12:05:14+00:00","dateModified":"2025-05-07T10:15:31+00:00","description":"Alla typer av emballering- och f\u00f6rpackningsmaterial, kantskydd, truckstr\u00f6, pappskivor, plasthuvar, bubbelplast, sp\u00e4nnband m.m.","breadcrumb":{"@id":"https:\/\/maxonsweden.se\/de\/emballeringsmaterial\/#breadcrumb"},"inLanguage":"de","potentialAction":[{"@type":"ReadAction","target":["https:\/\/maxonsweden.se\/de\/emballeringsmaterial\/"]}]},{"@type":"BreadcrumbList","@id":"https:\/\/maxonsweden.se\/de\/emballeringsmaterial\/#breadcrumb","itemListElement":[{"@type":"ListItem","position":1,"name":"Home","item":"https:\/\/maxonsweden.se\/de\/"},{"@type":"ListItem","position":2,"name":"Verpackungsmaterialien"}]},{"@type":"WebSite","@id":"https:\/\/maxonsweden.se\/#website","url":"https:\/\/maxonsweden.se\/","name":"Maxonsweden","description":"Containers, Holzkisten, Paletten, Verpackungsmaterial","potentialAction":[{"@type":"SearchAction","target":{"@type":"EntryPoint","urlTemplate":"https:\/\/maxonsweden.se\/?s={search_term_string}"},"query-input":{"@type":"PropertyValueSpecification","valueRequired":true,"valueName":"search_term_string"}}],"inLanguage":"de"}]}},"_links":{"self":[{"href":"https:\/\/maxonsweden.se\/de\/wp-json\/wp\/v2\/pages\/2517","targetHints":{"allow":["GET"]}}],"collection":[{"href":"https:\/\/maxonsweden.se\/de\/wp-json\/wp\/v2\/pages"}],"about":[{"href":"https:\/\/maxonsweden.se\/de\/wp-json\/wp\/v2\/types\/page"}],"author":[{"embeddable":true,"href":"https:\/\/maxonsweden.se\/de\/wp-json\/wp\/v2\/users\/1"}],"replies":[{"embeddable":true,"href":"https:\/\/maxonsweden.se\/de\/wp-json\/wp\/v2\/comments?post=2517"}],"version-history":[{"count":10,"href":"https:\/\/maxonsweden.se\/de\/wp-json\/wp\/v2\/pages\/2517\/revisions"}],"predecessor-version":[{"id":2974,"href":"https:\/\/maxonsweden.se\/de\/wp-json\/wp\/v2\/pages\/2517\/revisions\/2974"}],"wp:featuredmedia":[{"embeddable":true,"href":"https:\/\/maxonsweden.se\/de\/wp-json\/"}],"wp:attachment":[{"href":"https:\/\/maxonsweden.se\/de\/wp-json\/wp\/v2\/media?parent=2517"}],"curies":[{"name":"wp","href":"https:\/\/api.w.org\/{rel}","templated":true}]}}