{"id":2514,"date":"2023-09-27T14:38:02","date_gmt":"2023-09-27T12:38:02","guid":{"rendered":"https:\/\/maxonsweden.se\/home\/"},"modified":"2025-05-06T17:14:18","modified_gmt":"2025-05-06T15:14:18","slug":"home","status":"publish","type":"page","link":"https:\/\/maxonsweden.se\/de\/","title":{"rendered":"Startseite"},"content":{"rendered":"<div class=\"wpb-content-wrapper\"><p>[vc_row full_width=&#8220;stretch_row&#8220; css=&#8220;.vc_custom_1696487563177{background-image: url(https:\/\/maxonsweden.se\/wp-content\/uploads\/2023\/10\/Gra-X-mitt-1920&#215;1080-1.png?id=2044) !important;background-position: center !important;background-repeat: no-repeat !important;background-size: contain !important;}&#8220; el_class=&#8220;bg-top-center&#8220;][vc_column][vc_empty_space height=&#8220;5px&#8220;][vc_row_inner css=&#8220;.vc_custom_1699372796214{margin-bottom: 0px !important;padding-bottom: 10px !important;}&#8220;][vc_column_inner][vc_custom_heading text=&#8220;Willkommen zu Maxon Sweden!Welcome to Maxon Sweden!&#8220; font_container=&#8220;tag:h2|text_align:center|color:%230064a7&#8243; use_theme_fonts=&#8220;yes&#8220; css=&#8220;.vc_custom_1711021765624{margin-bottom: 0px !important;padding-bottom: 5px !important;}&#8220;][vc_custom_heading text=&#8220;SORTIMENT AUSW\u00c4HLEN&#8220; font_container=&#8220;tag:h3|text_align:center|color:%230064a7&#8243; use_theme_fonts=&#8220;yes&#8220; css=&#8220;.vc_custom_1711021775394{margin-top: 10px !important;margin-bottom: 10px !important;padding-top: 5px !important;padding-bottom: 5px !important;}&#8220;][\/vc_column_inner][\/vc_row_inner][vc_row_inner equal_height=&#8220;yes&#8220; gap=&#8220;20&#8243; css=&#8220;.vc_custom_1699372955225{margin-right: 40px !important;margin-bottom: 0px !important;margin-left: 40px !important;padding-bottom: 5px !important;}&#8220;][vc_column_inner width=&#8220;1\/2&#8243; css=&#8220;.vc_custom_1696414172373{background-color: #f4f4f4 !important;}&#8220;][vc_single_image image=&#8220;2903&#8243; img_size=&#8220;full&#8220; alignment=&#8220;center&#8220; onclick=&#8220;custom_link&#8220; css=&#8220;.vc_custom_1746544440200{margin-top: 0px !important;margin-right: 0px !important;margin-bottom: 10px !important;margin-left: 0px !important;padding-top: 0px !important;padding-right: 0px !important;padding-bottom: 0px !important;padding-left: 0px !important;}&#8220; link=&#8220;https:\/\/maxonsweden.se\/de\/svensktillverkade_containers\/&#8220;][vc_custom_heading text=&#8220;CONTAINERS&#8220; font_container=&#8220;tag:h4|text_align:center|color:%230064a7&#8243; use_theme_fonts=&#8220;yes&#8220; css=&#8220;.vc_custom_1746544448114{margin-top: 20px !important;}&#8220; link=&#8220;url:https%3A%2F%2Fmaxonsweden.se%2Fde%2Fsvensktillverkade_containers%2F&#8220;][vc_column_text css=&#8220;.vc_custom_1746544456163{margin-top: 0px !important;padding-top: 5px !important;}&#8220;]<\/p>\n<p style=\"text-align: center;\">In Schweden hergestellt, robust, f\u00fcr den Materialtransport, CE-gekennzeichnet.<\/p>\n<p style=\"text-align: center;\"><a href=\"https:\/\/maxonsweden.se\/de\/svensktillverkade_containers\/\"><span style=\"text-decoration: underline;\"><strong><span style=\"color: #0064a7; text-decoration: underline;\">MEHR INFO<\/span><\/strong><\/span><\/a><\/p>\n<p>[\/vc_column_text][\/vc_column_inner][vc_column_inner width=&#8220;1\/2&#8243; css=&#8220;.vc_custom_1696414177943{background-color: #f4f4f4 !important;}&#8220;][vc_single_image image=&#8220;1979&#8243; img_size=&#8220;full&#8220; alignment=&#8220;center&#8220; onclick=&#8220;custom_link&#8220; css=&#8220;.vc_custom_1746529937897{margin-top: 0px !important;margin-right: 0px !important;margin-bottom: 10px !important;margin-left: 0px !important;padding-top: 0px !important;padding-right: 0px !important;padding-bottom: 0px !important;padding-left: 0px !important;}&#8220; link=&#8220;https:\/\/maxonsweden.se\/traemballage\/&#8220;][vc_custom_heading text=&#8220;HOLZVERPACKUNGEN&#8220; font_container=&#8220;tag:h4|text_align:center|color:%230064a7&#8243; use_theme_fonts=&#8220;yes&#8220; css=&#8220;.vc_custom_1746530034506{margin-top: 20px !important;}&#8220; link=&#8220;url:https%3A%2F%2Fmaxonsweden.se%2Fen%2Ftraemballage%2F&#8220;][vc_column_text]<\/p>\n<p style=\"text-align: center;\">Ma\u00dfgeschneiderte Holzkisten\/Paletten, A\/L-St\u00e4nder und Spulengestelle. Loses Holz und Rillenbettung. Auch Standardartikel, z.B. Europaletten und Palettenaufsatzrahmen.<\/p>\n<p style=\"text-align: center;\"><a href=\"https:\/\/maxonsweden.se\/de\/traemballage\/\"><span style=\"text-decoration: underline;\"><strong><span style=\"color: #0064a7; text-decoration: underline;\">MEHR INFO &gt;&gt;<\/span><\/strong><\/span><\/a><\/p>\n<p>[\/vc_column_text][\/vc_column_inner][\/vc_row_inner][vc_empty_space height=&#8220;20px&#8220;][\/vc_column][\/vc_row]<\/p>\n<\/div>","protected":false},"excerpt":{"rendered":"<p>[vc_row full_width=&#8220;stretch_row&#8220; css=&#8220;.vc_custom_1696487563177{background-image: url(https:\/\/maxonsweden.se\/wp-content\/uploads\/2023\/10\/Gra-X-mitt-1920&#215;1080-1.png?id=2044) !important;background-position: center !important;background-repeat: no-repeat !important;background-size: contain !important;}&#8220; el_class=&#8220;bg-top-center&#8220;][vc_column][vc_empty_space height=&#8220;5px&#8220;][vc_row_inner css=&#8220;.vc_custom_1699372796214{margin-bottom: 0px !important;padding-bottom: 10px !important;}&#8220;][vc_column_inner][vc_custom_heading text=&#8220;Willkommen zu Maxon Sweden!Welcome to Maxon Sweden!&#8220; font_container=&#8220;tag:h2|text_align:center|color:%230064a7&#8243;&#8230;<\/p>\n","protected":false},"author":1,"featured_media":-1,"parent":0,"menu_order":0,"comment_status":"closed","ping_status":"closed","template":"","meta":{"footnotes":""},"class_list":["post-2514","page","type-page","status-publish","has-post-thumbnail","hentry"],"yoast_head":"<!-- This site is optimized with the Yoast SEO plugin v27.3 - https:\/\/yoast.com\/product\/yoast-seo-wordpress\/ -->\n<title>Maxonsweden - Beh\u00e4lter, Holzkisten, Verpackungen und Industriebedarf<\/title>\n<meta name=\"description\" content=\"Das Unternehmen handelt mit Beh\u00e4ltern f\u00fcr Gesch\u00e4fte und Industrie und stellt spezielle Holzkisten, Paletten, Verpackungen und Industriebedarf her.\" \/>\n<meta name=\"robots\" content=\"index, follow, max-snippet:-1, max-image-preview:large, max-video-preview:-1\" \/>\n<link rel=\"canonical\" href=\"https:\/\/maxonsweden.se\/de\/\" \/>\n<meta property=\"og:locale\" content=\"de_DE\" \/>\n<meta property=\"og:type\" content=\"article\" \/>\n<meta property=\"og:title\" content=\"Maxonsweden - Beh\u00e4lter, Holzkisten, Verpackungen und Industriebedarf\" \/>\n<meta property=\"og:description\" content=\"Das Unternehmen handelt mit Beh\u00e4ltern f\u00fcr Gesch\u00e4fte und Industrie und stellt spezielle Holzkisten, Paletten, Verpackungen und Industriebedarf her.\" \/>\n<meta property=\"og:url\" content=\"https:\/\/maxonsweden.se\/de\/\" \/>\n<meta property=\"og:site_name\" content=\"Maxonsweden\" \/>\n<meta property=\"article:modified_time\" content=\"2025-05-06T15:14:18+00:00\" \/>\n<meta name=\"twitter:card\" content=\"summary_large_image\" \/>\n<meta name=\"twitter:label1\" content=\"Gesch\u00e4tzte Lesezeit\" \/>\n\t<meta name=\"twitter:data1\" content=\"2\u00a0Minuten\" \/>\n<script type=\"application\/ld+json\" class=\"yoast-schema-graph\">{\"@context\":\"https:\\\/\\\/schema.org\",\"@graph\":[{\"@type\":\"WebPage\",\"@id\":\"https:\\\/\\\/maxonsweden.se\\\/de\\\/\",\"url\":\"https:\\\/\\\/maxonsweden.se\\\/de\\\/\",\"name\":\"Maxonsweden - Beh\u00e4lter, Holzkisten, Verpackungen und Industriebedarf\",\"isPartOf\":{\"@id\":\"https:\\\/\\\/maxonsweden.se\\\/#website\"},\"datePublished\":\"2023-09-27T12:38:02+00:00\",\"dateModified\":\"2025-05-06T15:14:18+00:00\",\"description\":\"Das Unternehmen handelt mit Beh\u00e4ltern f\u00fcr Gesch\u00e4fte und Industrie und stellt spezielle Holzkisten, Paletten, Verpackungen und Industriebedarf her.\",\"breadcrumb\":{\"@id\":\"https:\\\/\\\/maxonsweden.se\\\/de\\\/#breadcrumb\"},\"inLanguage\":\"de\",\"potentialAction\":[{\"@type\":\"ReadAction\",\"target\":[\"https:\\\/\\\/maxonsweden.se\\\/de\\\/\"]}]},{\"@type\":\"BreadcrumbList\",\"@id\":\"https:\\\/\\\/maxonsweden.se\\\/de\\\/#breadcrumb\",\"itemListElement\":[{\"@type\":\"ListItem\",\"position\":1,\"name\":\"Home\",\"item\":\"https:\\\/\\\/maxonsweden.se\\\/de\\\/\"},{\"@type\":\"ListItem\",\"position\":2,\"name\":\"Startseite\"}]},{\"@type\":\"WebSite\",\"@id\":\"https:\\\/\\\/maxonsweden.se\\\/#website\",\"url\":\"https:\\\/\\\/maxonsweden.se\\\/\",\"name\":\"Maxonsweden\",\"description\":\"Containers, Holzkisten, Paletten, Verpackungsmaterial\",\"potentialAction\":[{\"@type\":\"SearchAction\",\"target\":{\"@type\":\"EntryPoint\",\"urlTemplate\":\"https:\\\/\\\/maxonsweden.se\\\/?s={search_term_string}\"},\"query-input\":{\"@type\":\"PropertyValueSpecification\",\"valueRequired\":true,\"valueName\":\"search_term_string\"}}],\"inLanguage\":\"de\"}]}<\/script>\n<!-- \/ Yoast SEO plugin. -->","yoast_head_json":{"title":"Maxonsweden - Beh\u00e4lter, Holzkisten, Verpackungen und Industriebedarf","description":"Das Unternehmen handelt mit Beh\u00e4ltern f\u00fcr Gesch\u00e4fte und Industrie und stellt spezielle Holzkisten, Paletten, Verpackungen und Industriebedarf her.","robots":{"index":"index","follow":"follow","max-snippet":"max-snippet:-1","max-image-preview":"max-image-preview:large","max-video-preview":"max-video-preview:-1"},"canonical":"https:\/\/maxonsweden.se\/de\/","og_locale":"de_DE","og_type":"article","og_title":"Maxonsweden - Beh\u00e4lter, Holzkisten, Verpackungen und Industriebedarf","og_description":"Das Unternehmen handelt mit Beh\u00e4ltern f\u00fcr Gesch\u00e4fte und Industrie und stellt spezielle Holzkisten, Paletten, Verpackungen und Industriebedarf her.","og_url":"https:\/\/maxonsweden.se\/de\/","og_site_name":"Maxonsweden","article_modified_time":"2025-05-06T15:14:18+00:00","twitter_card":"summary_large_image","twitter_misc":{"Gesch\u00e4tzte Lesezeit":"2\u00a0Minuten"},"schema":{"@context":"https:\/\/schema.org","@graph":[{"@type":"WebPage","@id":"https:\/\/maxonsweden.se\/de\/","url":"https:\/\/maxonsweden.se\/de\/","name":"Maxonsweden - Beh\u00e4lter, Holzkisten, Verpackungen und Industriebedarf","isPartOf":{"@id":"https:\/\/maxonsweden.se\/#website"},"datePublished":"2023-09-27T12:38:02+00:00","dateModified":"2025-05-06T15:14:18+00:00","description":"Das Unternehmen handelt mit Beh\u00e4ltern f\u00fcr Gesch\u00e4fte und Industrie und stellt spezielle Holzkisten, Paletten, Verpackungen und Industriebedarf her.","breadcrumb":{"@id":"https:\/\/maxonsweden.se\/de\/#breadcrumb"},"inLanguage":"de","potentialAction":[{"@type":"ReadAction","target":["https:\/\/maxonsweden.se\/de\/"]}]},{"@type":"BreadcrumbList","@id":"https:\/\/maxonsweden.se\/de\/#breadcrumb","itemListElement":[{"@type":"ListItem","position":1,"name":"Home","item":"https:\/\/maxonsweden.se\/de\/"},{"@type":"ListItem","position":2,"name":"Startseite"}]},{"@type":"WebSite","@id":"https:\/\/maxonsweden.se\/#website","url":"https:\/\/maxonsweden.se\/","name":"Maxonsweden","description":"Containers, Holzkisten, Paletten, Verpackungsmaterial","potentialAction":[{"@type":"SearchAction","target":{"@type":"EntryPoint","urlTemplate":"https:\/\/maxonsweden.se\/?s={search_term_string}"},"query-input":{"@type":"PropertyValueSpecification","valueRequired":true,"valueName":"search_term_string"}}],"inLanguage":"de"}]}},"_links":{"self":[{"href":"https:\/\/maxonsweden.se\/de\/wp-json\/wp\/v2\/pages\/2514","targetHints":{"allow":["GET"]}}],"collection":[{"href":"https:\/\/maxonsweden.se\/de\/wp-json\/wp\/v2\/pages"}],"about":[{"href":"https:\/\/maxonsweden.se\/de\/wp-json\/wp\/v2\/types\/page"}],"author":[{"embeddable":true,"href":"https:\/\/maxonsweden.se\/de\/wp-json\/wp\/v2\/users\/1"}],"replies":[{"embeddable":true,"href":"https:\/\/maxonsweden.se\/de\/wp-json\/wp\/v2\/comments?post=2514"}],"version-history":[{"count":16,"href":"https:\/\/maxonsweden.se\/de\/wp-json\/wp\/v2\/pages\/2514\/revisions"}],"predecessor-version":[{"id":2953,"href":"https:\/\/maxonsweden.se\/de\/wp-json\/wp\/v2\/pages\/2514\/revisions\/2953"}],"wp:featuredmedia":[{"embeddable":true,"href":"https:\/\/maxonsweden.se\/de\/wp-json\/"}],"wp:attachment":[{"href":"https:\/\/maxonsweden.se\/de\/wp-json\/wp\/v2\/media?parent=2514"}],"curies":[{"name":"wp","href":"https:\/\/api.w.org\/{rel}","templated":true}]}}